{"id":468,"date":"2016-08-16T04:12:39","date_gmt":"2016-08-16T04:12:39","guid":{"rendered":"http:\/\/kroth:8888\/?page_id=468"},"modified":"2018-03-12T19:23:09","modified_gmt":"2018-03-12T19:23:09","slug":"carrieres","status":"publish","type":"page","link":"http:\/\/www.altilogix.com\/en\/carrieres\/","title":{"rendered":"Careers"},"content":{"rendered":"<div class=\"vc_row wpb_row vc_row-fluid krth-dhav-dotted\"><div class=\"wpb_column vc_column_container text-left vc_col-sm-12\"><div class=\"vc_column-inner\"><div class=\"wpb_wrapper\">\n\t<div class=\"wpb_text_column wpb_content_element\" >\n\t\t<div class=\"wpb_wrapper\">\n\t\t\t<h3 style=\"margin: 0px 0px 20px;\"><span style=\"font-size: 22px;\">Do you have what it takes for the job?<\/span><\/h3>\n<hr \/>\n<div id=\"Content\">\n<div class=\"boxed\">\n<div id=\"lipsum\">\n<p>We are looking for a .NET PROGRAMMER known for their independence, creativity, and ability to create, implement, and maintain customized solutions that meet the business needs of the organization's clients.<\/p>\n<p>&nbsp;<\/p>\n<\/div>\n<\/div>\n<\/div>\n\n\t\t<\/div>\n\t<\/div>\n<div class=\"vc_separator wpb_content_element vc_separator_align_center vc_sep_width_100 vc_sep_pos_align_center vc_separator_no_text vc_custom_1471321687968  vc_custom_1471321687968\" ><span class=\"vc_sep_holder vc_sep_holder_l\"><span  style=\"border-color:#e8e8e8;\" class=\"vc_sep_line\"><\/span><\/span><span class=\"vc_sep_holder vc_sep_holder_r\"><span  style=\"border-color:#e8e8e8;\" class=\"vc_sep_line\"><\/span><\/span>\n<\/div>\n\t<div class=\"wpb_text_column wpb_content_element\" >\n\t\t<div class=\"wpb_wrapper\">\n\t\t\t<h3 style=\"margin: 0px 0px 20px; font-size: 22px;\">Open positions<\/h3>\n\n\t\t<\/div>\n\t<\/div>\n<div class=\"nav-tabs-one\"><ul class=\"nav nav-tabs\"><li class=\"active\"><a href=\"#69e9e50ddcc34-0\" data-toggle=\"tab\">Head office<\/a><\/li><\/ul><div class=\"tab-content\"><div id=\"69e9e50ddcc34-0\" class=\"tab-pane fade in active\"><div class=\"panel-group  krth-panel-three\"><div class=\"panel panel-default\"><div class=\"panel-heading\"><a href=\"#69e9e50ddcf97-0\" class=\"panel-title accordion-toggle\" data-toggle=\"collapse\"><strong>Mid-level developer<\/strong><span>Boisbriand, Qc<\/span><\/a><\/div><div id=\"69e9e50ddcf97-0\" class=\"panel-collapse collapse\"><div class=\"panel-body\">\n\t<div class=\"wpb_text_column wpb_content_element\" >\n\t\t<div class=\"wpb_wrapper\">\n\t\t\t<hr \/>\n<div id=\"Content\">\n<div class=\"boxed\">\n<div id=\"lipsum\">\n<p>We are looking for a .NET PROGRAMMER known for their independence, creativity, and ability to create, implement, and maintain customized solutions that meet the business needs of the organization's clients.<\/p>\n<p>FUNCTIONS<\/p>\n<p>As a .NET PROGRAMMER, your key responsibilities will be as follows:<\/p>\n<p>\u2013 Actively participate in performing functional analyses and designing the systems assigned to you.<br \/>\n\u2013 Perform coding, testing, and functional and\/or technical documentation of systems according to company standards.<br \/>\n\u2013 Implement the developed solutions, ensure their availability, and provide maintenance and support to customers.<\/p>\n<p>JOB REQUIREMENTS<\/p>\n<p>\u2013 Degree in computer science (AEC, DEC, or BAC) or an equivalent combination of education and relevant experience.<br \/>\n\u2013 Proficiency in C# and JavaScript\/JQuery programming languages.<br \/>\n\u2013 Proficiency in ASP.NET, Entity Framework, Linq, MVC (an asset), SSRS (an asset).<\/p>\n<ul>\n<li>Knowledge of WEB API REST web services.<\/li>\n<li>Knowledge of Knockout and\/or Angular is an asset.<\/li>\n<li>You have experience with Microsoft SQL Server.<\/li>\n<li>You have experience in iterative project delivery.<\/li>\n<li>Proficiency in French (bilingualism is an asset).<\/li>\n<li>Strong technical skills.<\/li>\n<li>Excellent analytical skills, very good teamwork skills.<\/li>\n<li>Dynamism, creativity, autonomy, and customer focus. To apply, please send your resume to:<\/li>\n<\/ul>\n<p>Requirements<\/p>\n<ul>\n<li>Important \u2013 AEC, DEC, or BAC in computer science<\/li>\n<li>Important \u2013 Proficiency in French<\/li>\n<\/ul>\n<p>&nbsp;<\/p>\n<p>Knowledge and skills<\/p>\n<ul>\n<li>Essential \u2013 JavaScript\/JQuery<\/li>\n<li>Essential \u2013 C#<\/li>\n<li>Essential \u2013 ASP.NET<\/li>\n<li>Essential \u2013 Entity Framework<\/li>\n<\/ul>\n<p>Company description<\/p>\n<p>Altilogix is an information technology consulting firm. Our approach is based on a partnership with our clients, focused on our great flexibility in maintaining excellent service and designing tailor-made systems.<\/p>\n<p>Visit our website: www.altilogix\/<\/p>\n<\/div>\n<\/div>\n<\/div>\n<a href=\"#0\"  class=\"krth-link-underline  krth-simple-link-69e9e50ddd44d\">To learn more<\/a>\n\n\t\t<\/div>\n\t<\/div>\n<\/div><\/div><\/div><div class=\"panel panel-default\"><div class=\"panel-heading\"><a href=\"#69e9e50ddcf97-1\" class=\"panel-title accordion-toggle\" data-toggle=\"collapse\"><strong>Internship offer<\/strong><span>Boisbriand, Qc<\/span><\/a><\/div><div id=\"69e9e50ddcf97-1\" class=\"panel-collapse collapse\"><div class=\"panel-body\">\n\t<div class=\"wpb_text_column wpb_content_element\" >\n\t\t<div class=\"wpb_wrapper\">\n\t\t\t<hr \/>\n<div id=\"Content\">\n<div class=\"boxed\">\n<div id=\"lipsum\">\n<p>Lorem ipsum dolor sit amet, consectetur adipiscing elit. In molestie rutrum elementum. Pellentesque lacinia, ante in maximus rhoncus, risus tellus vulputate sapien, at semper neque odio sed arcu. Fusce ac nunc at ipsum dignissim pulvinar. Nulla facilisi. Curabitur id diam ac odio pellentesque ullamcorper. Sed quis lectus volutpat, aliquam neque at, tincidunt nunc. Donec consectetur condimentum volutpat. Maecenas tempus tellus ut nibh volutpat sagittis. Donec ornare maximus nisi et malesuada. Duis ac nisi quis mi tempor lacinia. Phasellus metus elit, ullamcorper sit amet bibendum a, laoreet nec ex. Ut porttitor est ut tellus hendrerit, at maximus mi dictum. Donec in lacus non massa maximus efficitur gravida at sem. Cras semper tortor vel nisl egestas posuere. In hac habitasse platea dictumst.<\/p>\n<p>In hac habitasse platea dictumst. Quisque sollicitudin eget mauris eget euismod. Proin porttitor efficitur lectus ac mattis. Nullam et euismod magna. Maecenas in neque placerat, egestas justo in, porttitor diam. Ut sit amet diam efficitur, porta massa eget, venenatis magna. Orci varius natoque penatibus et magnis dis parturient montes, nascetur ridiculus mus. Praesent vitae facilisis mi.<\/p>\n<\/div>\n<\/div>\n<\/div>\n<a href=\"#0\"  class=\"krth-link-underline  krth-simple-link-69e9e50ddd6bc\">To learn more<\/a>\n\n\t\t<\/div>\n\t<\/div>\n<\/div><\/div><\/div><\/div><\/div><\/div><\/div><\/div><\/div><\/div><\/div>","protected":false},"excerpt":{"rendered":"Avez-vous la t\u00eate de l'emploi ? Nous sommes \u00e0 la recherche d\u2019un PROGRAMMEUR .NET reconnu pour son autonomie, sa cr\u00e9ativit\u00e9 et sa capacit\u00e9 de cr\u00e9er, implanter et maintenir des solutions qu\u2019il d\u00e9veloppe sur mesure pour r\u00e9pondre aux besoins d\u2019affaires des clients de l\u2019organisation. &nbsp; Postes disponibles Bureau chefD\u00e9veloppeur interm\u00e9diaireBoisbriand, Qc Nous sommes \u00e0 la recherche[...]","protected":false},"author":1,"featured_media":0,"parent":0,"menu_order":10,"comment_status":"closed","ping_status":"closed","template":"","meta":{"footnotes":""},"class_list":["post-468","page","type-page","status-publish","hentry"],"_links":{"self":[{"href":"http:\/\/www.altilogix.com\/en\/wp-json\/wp\/v2\/pages\/468","targetHints":{"allow":["GET"]}}],"collection":[{"href":"http:\/\/www.altilogix.com\/en\/wp-json\/wp\/v2\/pages"}],"about":[{"href":"http:\/\/www.altilogix.com\/en\/wp-json\/wp\/v2\/types\/page"}],"author":[{"embeddable":true,"href":"http:\/\/www.altilogix.com\/en\/wp-json\/wp\/v2\/users\/1"}],"replies":[{"embeddable":true,"href":"http:\/\/www.altilogix.com\/en\/wp-json\/wp\/v2\/comments?post=468"}],"version-history":[{"count":8,"href":"http:\/\/www.altilogix.com\/en\/wp-json\/wp\/v2\/pages\/468\/revisions"}],"predecessor-version":[{"id":1979,"href":"http:\/\/www.altilogix.com\/en\/wp-json\/wp\/v2\/pages\/468\/revisions\/1979"}],"wp:attachment":[{"href":"http:\/\/www.altilogix.com\/en\/wp-json\/wp\/v2\/media?parent=468"}],"curies":[{"name":"wp","href":"https:\/\/api.w.org\/{rel}","templated":true}]}}