{"id":468,"date":"2016-08-16T04:12:39","date_gmt":"2016-08-16T04:12:39","guid":{"rendered":"http:\/\/kroth:8888\/?page_id=468"},"modified":"2018-03-12T19:23:09","modified_gmt":"2018-03-12T19:23:09","slug":"carrieres","status":"publish","type":"page","link":"http:\/\/www.altilogix.com\/fr\/carrieres\/","title":{"rendered":"Carri\u00e8res"},"content":{"rendered":"<div class=\"vc_row wpb_row vc_row-fluid krth-dhav-dotted\"><div class=\"wpb_column vc_column_container text-left vc_col-sm-12\"><div class=\"vc_column-inner \"><div class=\"wpb_wrapper\">\n\t<div class=\"wpb_text_column wpb_content_element \" >\n\t\t<div class=\"wpb_wrapper\">\n\t\t\t<h3 style=\"margin: 0px 0px 20px;\"><span style=\"font-size: 22px;\">Avez-vous la t\u00eate de l&#8217;emploi ?<\/span><\/h3>\n<hr \/>\n<div id=\"Content\">\n<div class=\"boxed\">\n<div id=\"lipsum\">\n<p>Nous sommes \u00e0 la recherche d\u2019un PROGRAMMEUR .NET reconnu pour son autonomie, sa cr\u00e9ativit\u00e9 et sa capacit\u00e9 de cr\u00e9er, implanter et maintenir des solutions qu\u2019il d\u00e9veloppe sur mesure pour r\u00e9pondre aux besoins d\u2019affaires des clients de l\u2019organisation.<\/p>\n<p>&nbsp;<\/p>\n<\/div>\n<\/div>\n<\/div>\n\n\t\t<\/div>\n\t<\/div>\n<div class=\"vc_separator wpb_content_element vc_separator_align_center vc_sep_width_100 vc_sep_pos_align_center vc_separator_no_text vc_custom_1471321687968  vc_custom_1471321687968\" ><span class=\"vc_sep_holder vc_sep_holder_l\"><span  style=\"border-color:#e8e8e8;\" class=\"vc_sep_line\"><\/span><\/span><span class=\"vc_sep_holder vc_sep_holder_r\"><span  style=\"border-color:#e8e8e8;\" class=\"vc_sep_line\"><\/span><\/span>\n<\/div>\n\t<div class=\"wpb_text_column wpb_content_element \" >\n\t\t<div class=\"wpb_wrapper\">\n\t\t\t<h3 style=\"margin: 0px 0px 20px; font-size: 22px;\">Postes disponibles<\/h3>\n\n\t\t<\/div>\n\t<\/div>\n<div class=\"nav-tabs-one \"><ul class=\"nav nav-tabs\"><li class=\"active\"><a href=\"#69e52be403c3d-0\" data-toggle=\"tab\">Bureau chef<\/a><\/li><\/ul><div class=\"tab-content\"><div id=\"69e52be403c3d-0\" class=\"tab-pane fade in active\"><div class=\"panel-group  krth-panel-three\"><div class=\"panel panel-default\"><div class=\"panel-heading\"><a href=\"#69e52be403ff1-0\" class=\"panel-title accordion-toggle\" data-toggle=\"collapse\"><strong>D\u00e9veloppeur interm\u00e9diaire<\/strong><span>Boisbriand, Qc<\/span><\/a><\/div><div id=\"69e52be403ff1-0\" class=\"panel-collapse collapse\"><div class=\"panel-body\">\n\t<div class=\"wpb_text_column wpb_content_element \" >\n\t\t<div class=\"wpb_wrapper\">\n\t\t\t<hr \/>\n<div id=\"Content\">\n<div class=\"boxed\">\n<div id=\"lipsum\">\n<p>Nous sommes \u00e0 la recherche d\u2019un PROGRAMMEUR .NET reconnu pour son autonomie, sa cr\u00e9ativit\u00e9 et sa capacit\u00e9 de cr\u00e9er, implanter et maintenir des solutions qu\u2019il d\u00e9veloppe sur mesure pour r\u00e9pondre aux besoins d\u2019affaires des clients de l\u2019organisation.<\/p>\n<p>FONCTIONS<\/p>\n<p>\u00c0 titre de PROGRAMMEUR .NET, vos responsabilit\u00e9s cl\u00e9s seront les suivantes :<\/p>\n<p>&#8211; Participer activement \u00e0 la r\u00e9alisation des analyses fonctionnelles et \u00e0 la conception des syst\u00e8mes qui vous sont confi\u00e9s.<br \/>\n&#8211; Effectuer la codification, les tests et la documentation fonctionnelle et\/ou technique des syst\u00e8mes selon les normes \u00e9tablies par l\u2019entreprise.<br \/>\n&#8211; Proc\u00e9der \u00e0 l\u2019implantation des solutions d\u00e9velopp\u00e9es, en assurer la disponibilit\u00e9 et en faire la maintenance et le support aupr\u00e8s des clients.<\/p>\n<p>EXIGENCES DU POSTE<\/p>\n<p>&#8211; Dipl\u00f4me en informatique (AEC, DEC ou BAC) ou une combinaison \u00e9quivalente d\u2019\u00e9tudes et d\u2019exp\u00e9rience pertinente.<br \/>\n&#8211; Ma\u00eetrise des langages de programmation C# et JavaScript\/JQuery.<br \/>\n&#8211; Ma\u00eetrise des technologies ASP.NET, Entity Framework, Linq, MVC (atout), SSRS (atout).<\/p>\n<ul>\n<li>Connaissance des services Web WEB API REST.<\/li>\n<li>Connaissance de Knockout et\/ou Angular est un atout.<\/li>\n<li>Vous avez de l\u2019exp\u00e9rience avec Microsoft SQL Server.<\/li>\n<li>Vous avez de l\u2019exp\u00e9rience en livraison de projet en mode it\u00e9ratif.<\/li>\n<li>Ma\u00eetrise du fran\u00e7ais (le bilinguisme est un atout).<\/li>\n<li>Habilet\u00e9s techniques solides.<\/li>\n<li>Excellente capacit\u00e9 d\u2019analyser, tr\u00e8s bonne capacit\u00e9 de travailler en \u00e9quipe.<\/li>\n<li>Dynamisme, cr\u00e9ativit\u00e9, autonomie et sens client.Pour postuler, veuillez envoyer votre CV \u00e0\u00a0:<\/li>\n<\/ul>\n<p>Exigences<\/p>\n<ul>\n<li>Importante \u2013 AEC, DEC ou BAC en informatique<\/li>\n<li>Importante \u2013 Ma\u00eetrise du fran\u00e7ais<\/li>\n<\/ul>\n<p>&nbsp;<\/p>\n<p>Connaissances et aptitudes<\/p>\n<ul>\n<li>Essentielle \u2013 JavaScript\/JQuery<\/li>\n<li>Essentielle &#8211; C#<\/li>\n<li>Essentielle &#8211; ASP.NET<\/li>\n<li>Essentielle &#8211; Entity Framework<\/li>\n<\/ul>\n<p>Description de l&rsquo;entreprise<\/p>\n<p>Altilogix est une entreprise de services conseils en technologies de l&rsquo;information. Notre approche se fonde sur une relation de partenariat avec nos clients, ax\u00e9e sur notre grande flexibilit\u00e9 \u00e0 maintenir un excellent service et concevoir des syst\u00e8mes taill\u00e9s sur mesure.<\/p>\n<p>Visitez notre site web: www.altilogix\/<\/p>\n<\/div>\n<\/div>\n<\/div>\n<a href=\"#0\"  class=\"krth-link-underline  krth-simple-link-69e52be404589\">Pour en savoir plus<\/a>\n\n\t\t<\/div>\n\t<\/div>\n<\/div><\/div><\/div><div class=\"panel panel-default\"><div class=\"panel-heading\"><a href=\"#69e52be403ff1-1\" class=\"panel-title accordion-toggle\" data-toggle=\"collapse\"><strong>Offre de stage<\/strong><span>Boisbriand, Qc<\/span><\/a><\/div><div id=\"69e52be403ff1-1\" class=\"panel-collapse collapse\"><div class=\"panel-body\">\n\t<div class=\"wpb_text_column wpb_content_element \" >\n\t\t<div class=\"wpb_wrapper\">\n\t\t\t<hr \/>\n<div id=\"Content\">\n<div class=\"boxed\">\n<div id=\"lipsum\">\n<p>Lorem ipsum dolor sit amet, consectetur adipiscing elit. In molestie rutrum elementum. Pellentesque lacinia, ante in maximus rhoncus, risus tellus vulputate sapien, at semper neque odio sed arcu. Fusce ac nunc at ipsum dignissim pulvinar. Nulla facilisi. Curabitur id diam ac odio pellentesque ullamcorper. Sed quis lectus volutpat, aliquam neque at, tincidunt nunc. Donec consectetur condimentum volutpat. Maecenas tempus tellus ut nibh volutpat sagittis. Donec ornare maximus nisi et malesuada. Duis ac nisi quis mi tempor lacinia. Phasellus metus elit, ullamcorper sit amet bibendum a, laoreet nec ex. Ut porttitor est ut tellus hendrerit, at maximus mi dictum. Donec in lacus non massa maximus efficitur gravida at sem. Cras semper tortor vel nisl egestas posuere. In hac habitasse platea dictumst.<\/p>\n<p>In hac habitasse platea dictumst. Quisque sollicitudin eget mauris eget euismod. Proin porttitor efficitur lectus ac mattis. Nullam et euismod magna. Maecenas in neque placerat, egestas justo in, porttitor diam. Ut sit amet diam efficitur, porta massa eget, venenatis magna. Orci varius natoque penatibus et magnis dis parturient montes, nascetur ridiculus mus. Praesent vitae facilisis mi.<\/p>\n<\/div>\n<\/div>\n<\/div>\n<a href=\"#0\"  class=\"krth-link-underline  krth-simple-link-69e52be404893\">Pour en savoir plus<\/a>\n\n\t\t<\/div>\n\t<\/div>\n<\/div><\/div><\/div><\/div><\/div><\/div><\/div><\/div><\/div><\/div><\/div>\n","protected":false},"excerpt":{"rendered":"Avez-vous la t\u00eate de l'emploi ? Nous sommes \u00e0 la recherche d\u2019un PROGRAMMEUR .NET reconnu pour son autonomie, sa cr\u00e9ativit\u00e9 et sa capacit\u00e9 de cr\u00e9er, implanter et maintenir des solutions qu\u2019il d\u00e9veloppe sur mesure pour r\u00e9pondre aux besoins d\u2019affaires des clients de l\u2019organisation. &nbsp; Postes disponibles Bureau chefD\u00e9veloppeur interm\u00e9diaireBoisbriand, Qc Nous sommes \u00e0 la recherche[...]","protected":false},"author":1,"featured_media":0,"parent":0,"menu_order":10,"comment_status":"closed","ping_status":"closed","template":"","meta":{"footnotes":""},"class_list":["post-468","page","type-page","status-publish","hentry"],"_links":{"self":[{"href":"http:\/\/www.altilogix.com\/fr\/wp-json\/wp\/v2\/pages\/468","targetHints":{"allow":["GET"]}}],"collection":[{"href":"http:\/\/www.altilogix.com\/fr\/wp-json\/wp\/v2\/pages"}],"about":[{"href":"http:\/\/www.altilogix.com\/fr\/wp-json\/wp\/v2\/types\/page"}],"author":[{"embeddable":true,"href":"http:\/\/www.altilogix.com\/fr\/wp-json\/wp\/v2\/users\/1"}],"replies":[{"embeddable":true,"href":"http:\/\/www.altilogix.com\/fr\/wp-json\/wp\/v2\/comments?post=468"}],"version-history":[{"count":8,"href":"http:\/\/www.altilogix.com\/fr\/wp-json\/wp\/v2\/pages\/468\/revisions"}],"predecessor-version":[{"id":1979,"href":"http:\/\/www.altilogix.com\/fr\/wp-json\/wp\/v2\/pages\/468\/revisions\/1979"}],"wp:attachment":[{"href":"http:\/\/www.altilogix.com\/fr\/wp-json\/wp\/v2\/media?parent=468"}],"curies":[{"name":"wp","href":"https:\/\/api.w.org\/{rel}","templated":true}]}}