{"id":296,"date":"2016-08-15T07:08:46","date_gmt":"2016-08-15T07:08:46","guid":{"rendered":"http:\/\/kroth:8888\/?page_id=296"},"modified":"2026-03-06T16:18:47","modified_gmt":"2026-03-06T16:18:47","slug":"home-3","status":"publish","type":"page","link":"https:\/\/www.altilogix.com\/en\/","title":{"rendered":"Home"},"content":{"rendered":"<section data-vc-full-width=\"true\" data-vc-full-width-init=\"false\" class=\"vc_section vc_custom_1682027742274 vc_section-has-fill\"><div class=\"vc_row wpb_row vc_row-fluid krth-dhav-dotted vc_custom_1663900709529 vc_row-has-fill\"><div class=\"wpb_column vc_column_container text-left vc_col-sm-12\"><div class=\"vc_column-inner\"><div class=\"wpb_wrapper\"><div class=\"vc_tta-container vc_tta-o-non-responsive\" data-vc-action=\"collapse\" data-vc-tta-autoplay=\"{&quot;delay&quot;:4000}\"><div class=\"vc_general vc_tta vc_tta-tabs vc_tta-o-shape-group vc_tta-has-pagination vc_tta-o-no-fill vc_tta-tabs-position-top  vc_tta-pageable\"><div class=\"vc_tta-panels-container\"><ul class=\"vc_general vc_pagination vc_pagination-style-outline vc_pagination-shape-round vc_pagination-color-grey\"><li class=\"vc_pagination-item vc_active\" data-vc-tab><a href=\"#1682028486387-8e6ff4fc-73ed\" class=\"vc_pagination-trigger\" data-vc-tabs data-vc-container=\".vc_tta\"><\/a><\/li><li class=\"vc_pagination-item\" data-vc-tab><a href=\"#1682028486524-260aaf74-282a\" class=\"vc_pagination-trigger\" data-vc-tabs data-vc-container=\".vc_tta\"><\/a><\/li><li class=\"vc_pagination-item\" data-vc-tab><a href=\"#1682029398630-987a25ef-b784\" class=\"vc_pagination-trigger\" data-vc-tabs data-vc-container=\".vc_tta\"><\/a><\/li><\/ul><div class=\"vc_tta-panels\"><div  class=\"vc_tta-panel vc_active\" id=\"1682028486387-8e6ff4fc-73ed\" data-vc-content=\".vc_tta-panel-body\"><div class=\"vc_tta-panel-body\">\n\t\t\t<span class=\"vc_tta-panel-title\">\n\t\t\t\t<a  data-vc-container=\".vc_tta-container\" data-vc-accordion=\"\" data-vc-target=\"#1682028486387-8e6ff4fc-73ed\"><\/a>\n\t\t\t<\/span>\n\t\t\n\t<div class=\"wpb_text_column wpb_content_element  wpb_animate_when_almost_visible wpb_bounceIn bounceIn vc_custom_1772811776021\" >\n\t\t<div class=\"wpb_wrapper\">\n\t\t\t<p style=\"text-align: center;\"><span style=\"font-family: helvetica; color: #2e2e2e; font-size: 18px;\"><strong><span style=\"color: #363636;\">DISCOVER OUR NEW PRODUCTS: <a style=\"color: #363636;\" href=\"http:\/\/www.altilogix.com\/wp-content\/uploads\/2023\/04\/Inscris-Toi-Ses-avantages.pdf\" target=\"_blank\" rel=\"noopener\">Inscris-Toi<\/a><\/span><\/strong><\/span><span style=\"color: #363636;\"><strong><span style=\"font-family: helvetica; font-size: 18px;\">\u00a0and <a style=\"color: #363636;\" href=\"http:\/\/www.altilogix.com\/wp-content\/uploads\/2023\/04\/Alti-Notes-Pre\u0301sentation-ge\u0301ne\u0301rale_R3-1.pdf\" target=\"_blank\" rel=\"noopener\">Alti-Notes<\/a><\/span><\/strong><\/span><\/p>\n\n\t\t<\/div>\n\t<\/div>\n<\/div><\/div><div  class=\"vc_tta-panel\" id=\"1682028486524-260aaf74-282a\" data-vc-content=\".vc_tta-panel-body\"><div class=\"vc_tta-panel-body\">\n\t\t\t<span class=\"vc_tta-panel-title\">\n\t\t\t\t<a  data-vc-container=\".vc_tta-container\" data-vc-accordion=\"\" data-vc-target=\"#1682028486524-260aaf74-282a\"><\/a>\n\t\t\t<\/span>\n\t\t\n\t<div class=\"wpb_text_column wpb_content_element  wpb_animate_when_almost_visible wpb_bounceIn bounceIn\" >\n\t\t<div class=\"wpb_wrapper\">\n\t\t\t<p style=\"text-align: center;\"><span style=\"font-family: helvetica; color: #2e2e2e; font-size: 18px;\"><strong><span style=\"color: #363636;\"><a href=\"https:\/\/www.altilogix.com\/en\/contact\/\">CONTACTEZ<\/a> NOUS POUR DEMANDER UNE D\u00c9MONSTRATION POUR UNE DE NOS SOLUTIONS<\/span><\/strong><\/span><\/p>\n\n\t\t<\/div>\n\t<\/div>\n<\/div><\/div><div  class=\"vc_tta-panel\" id=\"1682029398630-987a25ef-b784\" data-vc-content=\".vc_tta-panel-body\"><div class=\"vc_tta-panel-body\">\n\t\t\t<span class=\"vc_tta-panel-title\">\n\t\t\t\t<a  data-vc-container=\".vc_tta-container\" data-vc-accordion=\"\" data-vc-target=\"#1682029398630-987a25ef-b784\"><\/a>\n\t\t\t<\/span>\n\t\t\n\t<div class=\"wpb_text_column wpb_content_element  wpb_animate_when_almost_visible wpb_bounceIn bounceIn\" >\n\t\t<div class=\"wpb_wrapper\">\n\t\t\t<p style=\"text-align: center;\"><span style=\"font-family: helvetica; color: #2e2e2e; font-size: 18px;\"><strong><span style=\"color: #363636;\">NOUS PROPOSONS L&rsquo;H\u00c9BERGEMENT POUR TOUTES NOS SOLUTIONS\u00a0<\/span><\/strong><\/span><\/p>\n\n\t\t<\/div>\n\t<\/div>\n<\/div><\/div><\/div><\/div><\/div><\/div><\/div><\/div><\/div><\/div><div class=\"vc_row wpb_row vc_row-fluid krth-dhav-dotted\"><div class=\"wpb_column vc_column_container text-left vc_col-sm-4\"><div class=\"vc_column-inner\"><div class=\"wpb_wrapper\"><div class=\"krth-service-one\"><a href=\"http:\/\/www.altilogix.com\/en\/produits\/abovecrm\/\" class=\"service-image\" target=\"_blank\"><img decoding=\"async\" class=\"rounded-three\" src=\"https:\/\/www.altilogix.com\/wp-content\/uploads\/2017\/07\/AboveCRM_LOGO_RGB_Avril2017_HR-1-e1664319524759.png\" alt=\"\" ><\/a><p><span style=\"font-family: helvetica; color: #000000;\">To manage\u00a0<u>service requests<\/u>\u00a0(incidents, breakdowns and service requests),\u00a0<u>preventive maintenance (CMMS)<\/u>\u00a0of buildings (schools) and their respective equipment, as well as\u00a0<u>the evaluation of housekeeping quali<\/u><u>ty.<\/u><\/span><\/p>\n<a href=\"http:\/\/www.altilogix.com\/en\/produits\/abovecrm\/\" class=\"services-read-more\" target=\"_blank\">Read more<\/a><\/div><div class=\"krth-service-one\"><a href=\"http:\/\/www.altilogix.com\/en\/produits\/alti-listes\/\" class=\"service-image\" target=\"_blank\"><img decoding=\"async\" class=\"rounded-three\" src=\"https:\/\/www.altilogix.com\/wp-content\/uploads\/2022\/09\/Capture-d\u2019e\u0301cran-le-2022-09-30-a\u0300-18.11.41.png\" alt=\"\" ><\/a><p><span style=\"font-family: helvetica; color: #000000;\">Enables the various schools of the school boards to prepare, approve and publish the\u00a0<strong><u>list of school effects<\/u><\/strong>\u00a0that parents will need to acquire for the new school year. In addition, a self-service portal allows parents to consult and print out the list of school supplies according to the level and school attended by their child.<\/span><\/p>\n<a href=\"http:\/\/www.altilogix.com\/en\/produits\/alti-listes\/\" class=\"services-read-more\" target=\"_blank\">Read more<\/a><\/div><div class=\"krth-service-one\"><a href=\"http:\/\/www.altilogix.com\/en\/produits\/altitemps\/\" class=\"service-image\" target=\"_blank\"><img decoding=\"async\" class=\"rounded-three\" src=\"https:\/\/www.altilogix.com\/wp-content\/uploads\/2022\/09\/Capture-d\u2019e\u0301cran-le-2022-09-30-a\u0300-18.09.00.png\" alt=\"\" ><\/a><p><span style=\"font-family: helvetica; color: #000000;\">To manage\u00a0<u>schedules and travel expenses<\/u>\u00a0of teachers who have to travel to other schools to teach their classes.<\/span><\/p>\n<a href=\"http:\/\/www.altilogix.com\/en\/produits\/altitemps\/\" class=\"services-read-more\" target=\"_blank\">Read more<\/a><\/div><div class=\"krth-service-one\"><a href=\"http:\/\/www.altilogix.com\/en\/produits\/signes-pour-dire\/\" class=\"service-image\" target=\"_blank\"><img decoding=\"async\" class=\"rounded-three\" src=\"https:\/\/www.altilogix.com\/wp-content\/uploads\/2022\/09\/Capture-d\u2019e\u0301cran-le-2022-09-30-a\u0300-18.07.25.png\" alt=\"\" ><\/a><p><span style=\"font-family: helvetica; color: #000000;\">A reference tool (Web dictionary and videos) to help hearing-impaired people and those around them to\u00a0<u>know the sign corresponding to a word, phrase or sentence.<\/u><\/span><\/p>\n<a href=\"http:\/\/www.altilogix.com\/en\/produits\/signes-pour-dire\/\" class=\"services-read-more\" target=\"_blank\">Read more<\/a><\/div><\/div><\/div><\/div><div class=\"wpb_column vc_column_container text-left vc_col-sm-4\"><div class=\"vc_column-inner\"><div class=\"wpb_wrapper\"><div class=\"krth-service-one\"><a href=\"http:\/\/www.altilogix.com\/en\/produits\/repro\/\" class=\"service-image\" target=\"_blank\"><img decoding=\"async\" class=\"rounded-three\" src=\"\" alt=\"\" ><\/a><p><span style=\"font-family: helvetica; color: #000000;\"><img loading=\"lazy\" decoding=\"async\" class=\"alignnone size-medium wp-image-2133\" src=\"https:\/\/www.altilogix.com\/wp-content\/uploads\/2022\/09\/Capture-d\u2019e\u0301cran-le-2022-09-30-a\u0300-17.59.12-300x89.png\" alt=\"\" width=\"300\" height=\"89\" srcset=\"https:\/\/www.altilogix.com\/wp-content\/uploads\/2022\/09\/Capture-d\u2019e\u0301cran-le-2022-09-30-a\u0300-17.59.12-300x89.png 300w, https:\/\/www.altilogix.com\/wp-content\/uploads\/2022\/09\/Capture-d\u2019e\u0301cran-le-2022-09-30-a\u0300-17.59.12-1024x304.png 1024w, https:\/\/www.altilogix.com\/wp-content\/uploads\/2022\/09\/Capture-d\u2019e\u0301cran-le-2022-09-30-a\u0300-17.59.12-768x228.png 768w, https:\/\/www.altilogix.com\/wp-content\/uploads\/2022\/09\/Capture-d\u2019e\u0301cran-le-2022-09-30-a\u0300-17.59.12-1536x456.png 1536w, https:\/\/www.altilogix.com\/wp-content\/uploads\/2022\/09\/Capture-d\u2019e\u0301cran-le-2022-09-30-a\u0300-17.59.12-2048x608.png 2048w, https:\/\/www.altilogix.com\/wp-content\/uploads\/2022\/09\/Capture-d\u2019e\u0301cran-le-2022-09-30-a\u0300-17.59.12-18x5.png 18w\" sizes=\"auto, (max-width: 300px) 100vw, 300px\" \/><br \/>\nTo manage\u00a0<u>reproduction requests for various teaching documents<\/u>\u00a0(exams, notebooks, lecture notes, etc.) with integrated copyright management.<\/span><\/p>\n<a href=\"http:\/\/www.altilogix.com\/en\/produits\/repro\/\" class=\"services-read-more\" target=\"_blank\">Read more<\/a><\/div><div class=\"krth-service-one\"><a href=\"https:\/\/www.altilogix.com\/en\/produits\/inscris-toi\/\" class=\"service-image\" target=\"_blank\"><img decoding=\"async\" class=\"rounded-three\" src=\"https:\/\/www.altilogix.com\/wp-content\/uploads\/2022\/09\/Capture-d\u2019e\u0301cran-le-2022-09-30-a\u0300-18.05.23.png\" alt=\"\" ><\/a><p><span style=\"font-family: helvetica; color: #000000;\">Enables parents to\u00a0<u>enroll their children in SEP (Specialized Educational Programs)<\/u>\u00a0and choose different programs for their children, and for school principals to manage the\u00a0<u>the logistics surrounding the process of analyzing applications and accepting<\/u>\u00a0(or rejecting) registrations.<\/span><\/p>\n<a href=\"https:\/\/www.altilogix.com\/en\/produits\/inscris-toi\/\" class=\"services-read-more\" target=\"_blank\">Read more<\/a><\/div><div class=\"krth-service-one\"><a href=\"https:\/\/www.altilogix.com\/en\/produits\/systeme-de-gestion-de-plans-strategiques-sgps\/\" class=\"service-image\" target=\"_blank\"><img decoding=\"async\" class=\"rounded-three\" src=\"https:\/\/www.altilogix.com\/wp-content\/uploads\/2022\/09\/Capture-d\u2019e\u0301cran-le-2022-09-30-a\u0300-18.24.10.png\" alt=\"\" ><\/a><p><span style=\"font-family: helvetica; color: #000000;\">Mainly enables management to manage and share strategic plans with department managers, who can then add actions to support the plan's items: Aspirations, Driving Projects, Indicators and Actions.<\/span><\/p>\n<a href=\"https:\/\/www.altilogix.com\/en\/produits\/systeme-de-gestion-de-plans-strategiques-sgps\/\" class=\"services-read-more\" target=\"_blank\">Read more<\/a><\/div><div class=\"krth-service-one\"><a href=\"http:\/\/www.altilogix.com\/en\/produits\/marquage-antivol\/\" class=\"service-image\" target=\"_blank\"><img decoding=\"async\" class=\"rounded-three\" src=\"https:\/\/www.altilogix.com\/wp-content\/uploads\/2022\/09\/Capture-d\u2019e\u0301cran-le-2022-09-30-a\u0300-18.13.36.png\" alt=\"\" ><\/a><p><span style=\"font-family: helvetica; color: #000000;\">For permanent protection of your equipment against theft. CompuGuard anti-theft marking is the best solution for protecting laptops and desktops.<\/span><\/p>\n<a href=\"http:\/\/www.altilogix.com\/en\/produits\/marquage-antivol\/\" class=\"services-read-more\" target=\"_blank\">Read more<\/a><\/div><\/div><\/div><\/div><div class=\"wpb_column vc_column_container text-left vc_col-sm-4\"><div class=\"vc_column-inner\"><div class=\"wpb_wrapper\"><div class=\"krth-service-one\"><a href=\"http:\/\/www.altilogix.com\/en\/produits\/desa\/\" class=\"service-image\" target=\"_blank\"><img decoding=\"async\" class=\"rounded-three\" src=\"https:\/\/www.altilogix.com\/wp-content\/uploads\/2022\/09\/Capture-d\u2019e\u0301cran-le-2022-09-30-a\u0300-18.23.08.png\" alt=\"\" ><\/a><p><span style=\"font-family: helvetica; color: #000000;\">To manage the logistics surrounding\u00a0<u>exam requests from students with learning disabilities,<\/u>who are provided with adaptive measures (e.g. additional time and tools to help them write exams).<\/span><\/p>\n<a href=\"http:\/\/www.altilogix.com\/en\/produits\/desa\/\" class=\"services-read-more\" target=\"_blank\">Read more<\/a><\/div><div class=\"krth-service-one\"><a href=\"https:\/\/www.altilogix.com\/en\/produits\/alti-notes\/\" class=\"service-image\" target=\"_blank\"><img decoding=\"async\" class=\"rounded-three\" src=\"https:\/\/www.altilogix.com\/wp-content\/uploads\/2022\/09\/Capture-d\u2019e\u0301cran-le-2022-09-30-a\u0300-18.06.11.png\" alt=\"\" ><\/a><p><span style=\"font-family: helvetica; color: #000000;\">Allows to securely record all the interventions (evolution notes) of various professionals (psychologist, social worker, nurse, educational advisor, etc.) in the students' files with an intervention plan on one hand, and students with special needs on the other.<\/span><\/p>\n<a href=\"https:\/\/www.altilogix.com\/en\/produits\/alti-notes\/\" class=\"services-read-more\" target=\"_blank\">Read more<\/a><\/div><div class=\"krth-service-one\"><a href=\"http:\/\/www.altilogix.com\/en\/produits\/gise\/\" class=\"service-image\" target=\"_blank\"><img decoding=\"async\" class=\"rounded-three\" src=\"https:\/\/www.altilogix.com\/wp-content\/uploads\/2022\/09\/Capture-d\u2019e\u0301cran-le-2022-09-30-a\u0300-18.03.54.png\" alt=\"\" ><\/a><p><span style=\"font-family: helvetica; color: #000000;\">To manage supply and demand for internships, as well as all the logistics surrounding the\u00a0<u>student internships.<\/u><u><\/u>\u00a0It's a Web hub for employers, students and internship supervisors.\u00a0<\/span><\/p>\n<a href=\"http:\/\/www.altilogix.com\/en\/produits\/gise\/\" class=\"services-read-more\" target=\"_blank\">Read more<\/a><\/div><div class=\"krth-service-one\"><span class=\"service-image\"><img decoding=\"async\" class=\"rounded-three\" src=\"https:\/\/www.altilogix.com\/wp-content\/uploads\/2022\/09\/Capture-d\u2019e\u0301cran-le-2022-09-30-a\u0300-18.14.29.png\" alt=\"\" ><\/span><div>\n<div>\n<div>\n<div>\n<div>\n<div>\n<div>\n<div>\n<div>\n<p><span style=\"color: #000000; font-family: helvetica;\">Altilogix is a reseller and integrator of the product. Papercut is a print management software that helps reduce waste while providing a simple and secure printing experience.<\/span><\/p>\n<\/div>\n<\/div>\n<\/div>\n<\/div>\n<\/div>\n<\/div>\n<\/div>\n<\/div>\n<\/div>\n<\/div><\/div><\/div><\/div><\/div><div class=\"vc_row wpb_row vc_row-fluid krth-dhav-dotted\"><div class=\"wpb_column vc_column_container text-left vc_col-sm-12\"><div class=\"vc_column-inner\"><div class=\"wpb_wrapper\"><div class=\"vc_empty_space\"   style=\"height: 32px\" ><span class=\"vc_empty_space_inner\"><\/span><\/div>\n\n\t<div class=\"wpb_text_column wpb_content_element\" >\n\t\t<div class=\"wpb_wrapper\">\n\t\t\t<p><span style=\"font-family: helvetica; color: #000000; font-size: 18px;\"><strong>CRM expertise:<\/strong>\u00a0Altilogix is also the largest\u00a0<strong><a style=\"color: #000000;\" href=\"http:\/\/www.altilogix.com\/en\/produits\/sagecrm\/\" target=\"_blank\" rel=\"noopener\" data-saferedirecturl=\"https:\/\/www.google.com\/url?q=http:\/\/www.altilogix.com\/produits\/sagecrm\/&amp;source=gmail&amp;ust=1663883521535000&amp;usg=AOvVaw2ev5pc2ZGYfO7U9UTSHEho\">SageCRM<\/a>\u00a0<\/strong>partner in Quebec<\/span><\/p>\n\n\t\t<\/div>\n\t<\/div>\n<\/div><\/div><\/div><\/div><\/section><div class=\"vc_row-full-width vc_clearfix\"><\/div><div data-vc-full-width=\"true\" data-vc-full-width-init=\"false\" class=\"vc_row wpb_row vc_row-fluid krth-dhav-dotted vc_custom_1471278856711 vc_row-has-fill\"><div class=\"wpb_column vc_column_container text-left vc_col-sm-4\"><div class=\"vc_column-inner\"><div class=\"wpb_wrapper\"><div class=\"krth-service-two\"><div class=\"service-icon\"><i class=\"icon-globe\"><\/i><\/div><div class=\"services-content\"><h3 class=\"service-heading\" style=\"\"> We cover two countries<br \/>&nbsp;<\/h3><p>Altilogix is present in Canada and the United States.<\/p>\n<p>&nbsp;<\/p>\n<\/div><\/div><div class=\"krth-service-two\"><div class=\"service-icon\"><i class=\"icon-speedometer\"><\/i><\/div><div class=\"services-content\"><h3 class=\"service-heading\" style=\"\">We are 100%<br \/>at your service<\/h3><p>Our best product is our customer service.<br \/>\n<div class=\"vc_empty_space\"   style=\"height: 22px\" ><span class=\"vc_empty_space_inner\"><\/span><\/div>\n<\/div><\/div><\/div><\/div><\/div><div class=\"wpb_column vc_column_container text-left vc_col-sm-4\"><div class=\"vc_column-inner\"><div class=\"wpb_wrapper\"><div class=\"krth-service-two\"><div class=\"service-icon\"><i class=\"icon-badge\"><\/i><\/div><div class=\"services-content\"><h3 class=\"service-heading\" style=\"\">A first-class<br \/>software publisher<\/h3><p>Altilogix is renowned for the quality of its 100% web-based software.<\/p>\n<p>&nbsp;<\/p>\n<\/div><\/div><div class=\"krth-service-two\"><div class=\"service-icon\"><i class=\"icon-user-following\"><\/i><\/div><div class=\"services-content\"><h3 class=\"service-heading\" style=\"\">A dedicated team of experts<br \/>&nbsp;<\/h3><p>Our team is made up of analysts, developers and product managers.<br \/>\n<div class=\"vc_empty_space\"   style=\"height: 1px\" ><span class=\"vc_empty_space_inner\"><\/span><\/div>\n<\/div><\/div><\/div><\/div><\/div><div class=\"wpb_column vc_column_container text-left vc_col-sm-4\"><div class=\"vc_column-inner\"><div class=\"wpb_wrapper\"><div class=\"krth-service-two\"><div class=\"service-icon\"><i class=\"icon-chart\"><\/i><\/div><div class=\"services-content\"><h3 class=\"service-heading\" style=\"\">Customized<br \/>applications<\/h3><p>Altilogix can design any type of custom application to suit your needs.<\/p>\n<div class=\"vc_empty_space\"   style=\"height: 8px\" ><span class=\"vc_empty_space_inner\"><\/span><\/div>\n\n<\/div><\/div><div class=\"krth-service-two\"><div class=\"service-icon\"><i class=\"fa fa-medkit\"><\/i><\/div><div class=\"services-content\"><h3 class=\"service-heading\" style=\"\">Technical support<br \/>&nbsp;<\/h3><p>Support available during business hours.<br \/>\n<div class=\"vc_empty_space\"   style=\"height: 24px\" ><span class=\"vc_empty_space_inner\"><\/span><\/div>\n<\/div><\/div><\/div><\/div><\/div><\/div><div class=\"vc_row-full-width vc_clearfix\"><\/div><div data-vc-full-width=\"true\" data-vc-full-width-init=\"false\" class=\"vc_row wpb_row vc_row-fluid krth-dhav-dotted vc_custom_1500408067683 vc_row-has-fill\"><div class=\"wpb_column vc_column_container text-left vc_col-sm-12\"><div class=\"vc_column-inner\"><div class=\"wpb_wrapper\"><div class=\"krth-cta krth-cta-two cta-cnt-left\"><div class=\"krth-cta-cnt\" style=\"width:70%;\"><h2><span style=\"color: #ffffff; margin: 0 0 8px; letter-spacing: 0.8px;\">Need a solution in the world of education?<\/span><\/h2>\n<p><span style=\"color: #cccccc; font-size: 17px; margin: 0px; padding: 0px;\">We have over 130 installations of our products in public and private institutions across Quebec.<\/span><\/p>\n<\/div><a class=\"krth-btn btn-secondary  vc_custom_1505328377218 btn-medium krth-btn-69e59ddec66a7 btn-hover-one btn-icon-left rounded-three\" href=\"\/en\/contact\/\"><span class=\"btn-text\">Contact us<\/span><\/a><\/div><\/div><\/div><\/div><\/div><div class=\"vc_row-full-width vc_clearfix\"><\/div><div data-vc-full-width=\"true\" data-vc-full-width-init=\"false\" class=\"vc_row wpb_row vc_row-fluid krth-dhav-dotted vc_custom_1471688745846 vc_row-has-fill\"><div class=\"wpb_column vc_column_container text-left vc_col-sm-6\"><div class=\"vc_column-inner\"><div class=\"wpb_wrapper\"><div class=\"vc_empty_space\"   style=\"height: 10px\" ><span class=\"vc_empty_space_inner\"><\/span><\/div>\n\n\t<div class=\"wpb_text_column wpb_content_element  vc_custom_1772813542297\" >\n\t\t<div class=\"wpb_wrapper\">\n\t\t\t<h3 style=\"margin-bottom: 15px;\">Nous aidons les entreprises publiques et priv\u00e9es \u00e0 \u00eatre plus efficaces depuis 22 ans!<\/h3>\n<p style=\"font-size: 15px; line-height: 1.7; letter-spacing: 0.3px;\">Winning partnerships with our loyal customers have enabled us to create innovative solutions that benefit an entire community.<\/p>\n<div class=\"vc_empty_space\"   style=\"height: 10px\" ><span class=\"vc_empty_space_inner\"><\/span><\/div>\n\n<a href=\"\/en\/notre-entreprise\/\"  class=\"krth-link-arrow-right  krth-simple-link-69e59ddec7022\">Find out more about us <i class=\"fa fa-caret-right\"><\/i><\/a>\n\n\t\t<\/div>\n\t<\/div>\n<\/div><\/div><\/div><div class=\"wpb_column vc_column_container text-left vc_col-sm-6\"><div class=\"vc_column-inner\"><div class=\"wpb_wrapper\"><div class=\"vc_empty_space\"   style=\"height: 10px\" ><span class=\"vc_empty_space_inner\"><\/span><\/div>\n\n\t<div class=\"wpb_text_column wpb_content_element  vc_custom_1772813503200\" >\n\t\t<div class=\"wpb_wrapper\">\n\t\t\t<h3>Q&amp;A<\/h3>\n<p>&nbsp;<\/p>\n\n\t\t<\/div>\n\t<\/div>\n<\/div><\/div><\/div><\/div><div class=\"vc_row-full-width vc_clearfix\"><\/div><div data-vc-full-width=\"true\" data-vc-full-width-init=\"false\" class=\"vc_row wpb_row vc_row-fluid krth-dhav-dotted vc_custom_1506959727183 vc_row-has-fill\"><div class=\"wpb_column vc_column_container text-center vc_col-sm-4\"><div class=\"vc_column-inner vc_custom_1471688983854\"><div class=\"wpb_wrapper\"><div class=\"krth-counter-one\"><div class=\"counter-values\"><div class=\"cvalues\" style=\"\">22<\/div><\/div><div class=\"counter-label\" style=\"\">Years in business<\/div><\/div><\/div><\/div><\/div><div class=\"wpb_column vc_column_container text-center vc_col-sm-4\"><div class=\"vc_column-inner vc_custom_1481199395244\"><div class=\"wpb_wrapper\"><div class=\"krth-counter-one\"><div class=\"counter-values\"><div class=\"cvalues\" style=\"\">146<\/div><div class=\"cvalue-in\" style=\"\">+<\/div><\/div><div class=\"counter-label\" style=\"\">Product installations<\/div><\/div><\/div><\/div><\/div><div class=\"wpb_column vc_column_container text-center vc_col-sm-4\"><div class=\"vc_column-inner vc_custom_1481199403884\"><div class=\"wpb_wrapper\"><div class=\"krth-counter-one\"><div class=\"counter-values\"><div class=\"cvalues\" style=\"\">10<\/div><\/div><div class=\"counter-label\" style=\"\">Business solutions<\/div><\/div><\/div><\/div><\/div><\/div><div class=\"vc_row-full-width vc_clearfix\"><\/div><div data-vc-full-width=\"true\" data-vc-full-width-init=\"false\" class=\"vc_row wpb_row vc_row-fluid krth-dhav-dotted vc_custom_1500408296009 vc_row-has-fill\"><div class=\"krth-overlay-pattern\" style=\"background-color:#666666;\"><\/div><div class=\"wpb_column vc_column_container text-left vc_col-sm-12\"><div class=\"vc_column-inner\"><div class=\"wpb_wrapper\">\n\t<div class=\"wpb_text_column wpb_content_element  vc_custom_1505330351720\" >\n\t\t<div class=\"wpb_wrapper\">\n\t\t\t<h2 style=\"text-align: center;\"><span style=\"color: #ffffff;\">Testimonials<\/span><\/h2>\n\n\t\t<\/div>\n\t<\/div>\n\n    <div class=\"krth-testimonials krth-theme-carousel  krth-testimonials-three krth-tn-two     krth-testi-carousel-69e59ddec81da\" data-loop=\"true\" data-items=\"1\" data-margin=\"80\" data-dots=\"true\" data-nav=\"true\"    data-mouse-drag=\"true\"     > <!-- Testimonial Starts -->\n\n          <div class=\"krth-testimonial\">\n        <div class=\"testi-content\">\n          <p>Excellent support, fast and efficient!<\/p>\n          <div class=\"testi-client-info\"><span  class=\"testi-name\">Manuel Francisci<\/span><span  class=\"testi-pro\">President and Founder, JobWings<\/span><\/div>\n        <\/div>\n      <\/div>\n          <div class=\"krth-testimonial\">\n        <div class=\"testi-content\">\n          <p>Excellent support, fast and efficient!<\/p>\n          <div class=\"testi-client-info\"><span  class=\"testi-name\">Manuel Francisci<\/span><span  class=\"testi-pro\">President and Founder, JobWings<\/span><\/div>\n        <\/div>\n      <\/div>\n    \n    <\/div> <!-- Testimonial End -->\n\n<\/div><\/div><\/div><\/div><div class=\"vc_row-full-width vc_clearfix\"><\/div><div data-vc-full-width=\"true\" data-vc-full-width-init=\"false\" class=\"vc_row wpb_row vc_row-fluid krth-dhav-dotted vc_custom_1471689894601 vc_row-has-fill\"><div class=\"wpb_column vc_column_container text-left vc_col-sm-6\"><div class=\"vc_column-inner\"><div class=\"wpb_wrapper\">\n\t<div class=\"wpb_text_column wpb_content_element  vc_custom_1664580834984\" >\n\t\t<div class=\"wpb_wrapper\">\n\t\t\t<h3>Be part of the adventure!<\/h3>\n<div class=\"vc_empty_space\"   style=\"height: 10px\" ><span class=\"vc_empty_space_inner\"><\/span><\/div>\n\n<p style=\"font-size: 15px; line-height: 1.7; letter-spacing: 0.3px;\">Call us or write to us and ask to see one of our solutions!<\/p>\n<h4>Contact us:<\/h4>\n\n\t\t<\/div>\n\t<\/div>\n<div class=\"vc_empty_space\"   style=\"height: 8px\" ><span class=\"vc_empty_space_inner\"><\/span><\/div>\n<ul class=\"krth-list-three  krth-list-69e59ddecd77c\"><li><strong>Phone:<\/strong> (514) 982-6161\n<\/li><li><strong>Email:<\/strong> info@altilogix.com<\/li><\/ul><\/div><\/div><\/div><div class=\"wpb_column vc_column_container text-left vc_col-sm-6\"><div class=\"vc_column-inner vc_custom_1471278353691\"><div class=\"wpb_wrapper\"><\/div><\/div><\/div><\/div><div class=\"vc_row-full-width vc_clearfix\"><\/div>","protected":false},"excerpt":{"rendered":"Excellent support, fast and efficient!","protected":false},"author":1,"featured_media":0,"parent":0,"menu_order":1,"comment_status":"closed","ping_status":"closed","template":"","meta":{"footnotes":""},"class_list":["post-296","page","type-page","status-publish","hentry"],"_links":{"self":[{"href":"https:\/\/www.altilogix.com\/en\/wp-json\/wp\/v2\/pages\/296","targetHints":{"allow":["GET"]}}],"collection":[{"href":"https:\/\/www.altilogix.com\/en\/wp-json\/wp\/v2\/pages"}],"about":[{"href":"https:\/\/www.altilogix.com\/en\/wp-json\/wp\/v2\/types\/page"}],"author":[{"embeddable":true,"href":"https:\/\/www.altilogix.com\/en\/wp-json\/wp\/v2\/users\/1"}],"replies":[{"embeddable":true,"href":"https:\/\/www.altilogix.com\/en\/wp-json\/wp\/v2\/comments?post=296"}],"version-history":[{"count":124,"href":"https:\/\/www.altilogix.com\/en\/wp-json\/wp\/v2\/pages\/296\/revisions"}],"predecessor-version":[{"id":2330,"href":"https:\/\/www.altilogix.com\/en\/wp-json\/wp\/v2\/pages\/296\/revisions\/2330"}],"wp:attachment":[{"href":"https:\/\/www.altilogix.com\/en\/wp-json\/wp\/v2\/media?parent=296"}],"curies":[{"name":"wp","href":"https:\/\/api.w.org\/{rel}","templated":true}]}}