{"id":486,"date":"2016-08-16T06:52:01","date_gmt":"2016-08-16T06:52:01","guid":{"rendered":"http:\/\/kroth:8888\/?page_id=486"},"modified":"2024-11-26T00:55:39","modified_gmt":"2024-11-26T00:55:39","slug":"notre-entreprise","status":"publish","type":"page","link":"https:\/\/www.altilogix.com\/en\/notre-entreprise\/","title":{"rendered":"Our company"},"content":{"rendered":"<div class=\"wp-block-cover aligncenter\" style=\"min-height:278px;aspect-ratio:unset;\"><span aria-hidden=\"true\" class=\"wp-block-cover__background has-background-dim\"><\/span><img loading=\"lazy\" decoding=\"async\" width=\"1024\" height=\"678\" class=\"wp-block-cover__image-background wp-image-2226\" alt=\"\" src=\"https:\/\/www.altilogix.com\/wp-content\/uploads\/2024\/11\/pexels-goumbik-574069-1024x678.jpg\" data-object-fit=\"cover\" srcset=\"https:\/\/www.altilogix.com\/wp-content\/uploads\/2024\/11\/pexels-goumbik-574069-1024x678.jpg 1024w, https:\/\/www.altilogix.com\/wp-content\/uploads\/2024\/11\/pexels-goumbik-574069-300x199.jpg 300w, https:\/\/www.altilogix.com\/wp-content\/uploads\/2024\/11\/pexels-goumbik-574069-768x509.jpg 768w, https:\/\/www.altilogix.com\/wp-content\/uploads\/2024\/11\/pexels-goumbik-574069-1536x1017.jpg 1536w, https:\/\/www.altilogix.com\/wp-content\/uploads\/2024\/11\/pexels-goumbik-574069-2048x1356.jpg 2048w, https:\/\/www.altilogix.com\/wp-content\/uploads\/2024\/11\/pexels-goumbik-574069-18x12.jpg 18w\" sizes=\"auto, (max-width: 1024px) 100vw, 1024px\" \/><div class=\"wp-block-cover__inner-container is-layout-flow wp-block-cover-is-layout-flow\">\n<p class=\"has-text-align-center has-medium-font-size\"> <\/p>\n<\/div><\/div>\n\n\n<p>\n\n\n\n<\/p>\n<div class=\"vc_row wpb_row vc_row-fluid krth-dhav-dotted\"><div class=\"wpb_column vc_column_container text-left vc_col-sm-12\"><div class=\"vc_column-inner\"><div class=\"wpb_wrapper\">\n\t<div class=\"wpb_text_column wpb_content_element\" >\n\t\t<div class=\"wpb_wrapper\">\n\t\t\t<p>AltiLogix offers expertise in strategy, integration, architecture, deployment, and solutions in Customer Relationship Management (CRM), Help Desk, IT Asset Management, and Reprographics Management.<\/p>\n<p>Experienced consultants support you in selecting and implementing your CRM tools for sales, marketing, and customer service management. Our highly qualified staff are certified by several CRM software manufacturers and have an average of over 25 years of experience in the field.<\/p>\n<p>In addition to our expertise in CRM strategy, we sell and integrate the following solutions:<\/p>\n<ul>\n<li>INFOR CRM (SalesLogix), the \"mid-market leader\" in CRM<\/li>\n<li>SageCRM and SageCRM.com for a comprehensive and cost-effective ASP solution<\/li>\n<li>AboveCRM (a fully web-based help desk for technical support center management)<\/li>\n<li>Pytheas (IT Asset Management)<\/li>\n<li>Repro+, a 100% web-based reprographics management solution.<\/li>\n<\/ul>\n<p>In addition, our technological expertise division is enriched by certified staff who provide training in ITIL (IT Infrastructure Library) and Business Intelligence (BI) principles.<\/p>\n<p>To complete our product range, we also offer:<\/p>\n<ul>\n<li>the design and implementation of solutions tailored to your needs<\/li>\n<li>as well as anti-theft marking and tracking solutions for IT equipment and other equipment that needs to be protected against theft.<\/li>\n<\/ul>\n<p>In business, choosing the right partner is crucial to ensuring the success of a project. We have an impressive track record in this regard. Not only are our clients satisfied with their implementation, but they can also count on an experienced partner who, in addition to acting as project manager, will guide them through the various aspects of the CRM project.  The success of a Customer Relationship Management (CRM) project also depends on the quality of technical support that can be offered to users, both during and after the implementation of the CRM.<\/p>\n<p>Several of our clients are now implementing CRM systems with our team for the second, third, or even fourth time. Isn't that one of the best signs of trust they could show us?<\/p>\n<p>AltiLogix, your partner for success in CRM, Help Desk, IT Asset Management, and Reprographics Management!<\/p>\n\n\t\t<\/div>\n\t<\/div>\n<\/div><\/div><\/div><\/div>","protected":false},"excerpt":{"rendered":"AltiLogix offre une expertise en strat\u00e9gie, int\u00e9gration, architecture, d\u00e9ploiement et solutions en Gestion de la Relation Client (GRC), mieux connu sous le vocable CRM (Customer Relationship Management), en Help Desk, Gestion de Parcs informatiques et Gestion de la Reprographie. Des conseillers aguerris vous appuient dans la s\u00e9lection et l\u2019implantation de vos outils CRM pour la[...]","protected":false},"author":1,"featured_media":0,"parent":0,"menu_order":5,"comment_status":"closed","ping_status":"closed","template":"","meta":{"footnotes":""},"class_list":["post-486","page","type-page","status-publish","hentry"],"_links":{"self":[{"href":"https:\/\/www.altilogix.com\/en\/wp-json\/wp\/v2\/pages\/486","targetHints":{"allow":["GET"]}}],"collection":[{"href":"https:\/\/www.altilogix.com\/en\/wp-json\/wp\/v2\/pages"}],"about":[{"href":"https:\/\/www.altilogix.com\/en\/wp-json\/wp\/v2\/types\/page"}],"author":[{"embeddable":true,"href":"https:\/\/www.altilogix.com\/en\/wp-json\/wp\/v2\/users\/1"}],"replies":[{"embeddable":true,"href":"https:\/\/www.altilogix.com\/en\/wp-json\/wp\/v2\/comments?post=486"}],"version-history":[{"count":5,"href":"https:\/\/www.altilogix.com\/en\/wp-json\/wp\/v2\/pages\/486\/revisions"}],"predecessor-version":[{"id":2231,"href":"https:\/\/www.altilogix.com\/en\/wp-json\/wp\/v2\/pages\/486\/revisions\/2231"}],"wp:attachment":[{"href":"https:\/\/www.altilogix.com\/en\/wp-json\/wp\/v2\/media?parent=486"}],"curies":[{"name":"wp","href":"https:\/\/api.w.org\/{rel}","templated":true}]}}