{"id":588,"date":"2016-08-16T10:58:18","date_gmt":"2016-08-16T10:58:18","guid":{"rendered":"http:\/\/kroth:8888\/?page_id=588"},"modified":"2019-03-08T15:44:11","modified_gmt":"2019-03-08T15:44:11","slug":"services","status":"publish","type":"page","link":"https:\/\/www.altilogix.com\/en\/services\/","title":{"rendered":"Services"},"content":{"rendered":"<div class=\"vc_row wpb_row vc_row-fluid krth-dhav-dotted\"><div class=\"wpb_column vc_column_container text-left vc_col-sm-12\"><div class=\"vc_column-inner\"><div class=\"wpb_wrapper\"><div class=\"vc_row wpb_row vc_inner vc_row-fluid\"><div class=\"wpb_column vc_column_container vc_col-sm-4\"><div class=\"vc_column-inner\"><div class=\"wpb_wrapper\"><div class=\"krth-service-one no-margin-top\"><span class=\"service-image\"><\/span><a href=\"#0\" class=\"service-heading\" target=\"_self\" style=\"margin-bottom:13px;\">D\u00e9veloppement sur mesure<\/a><p>Altilogix vous propose de d\u00e9velopper avec vous une nouvelle application qui sera taill\u00e9e sur mesure pour r\u00e9pondre \u00e0 vos besoins. Nos sp\u00e9cialistes du Web pourront r\u00e9aliser une analyse d\u00e9taill\u00e9e de vos besoins puis vous proposer une solution Web disponible de partout, et qui fonctionne sur tout type d&rsquo;appareil (ordinateur, tablette ou t\u00e9l\u00e9phone intelligent).<\/p>\n<\/div><div class=\"krth-service-one\"><span class=\"service-image\"><\/span><a href=\"#0\" class=\"service-heading\" target=\"_self\" style=\"margin-bottom:13px;\">Adaptation d'une application existante<\/a><p>Altilogix vous offre aussi la possibilit\u00e9 de personnaliser une application existante.\u00a0 Ainsi, que vous ayez de nouveaux besoins et souhaitez les faire ajouter \u00e0 votre application existante ou d\u00e9sirez faire modifier des fonctionnalit\u00e9s existantes, Altilogix pourra r\u00e9pondre \u00e0 l&rsquo;un ou l&rsquo;autre de ces sc\u00e9narios.<\/p>\n<\/div><\/div><\/div><\/div><\/div><\/div><\/div><\/div><\/div>","protected":false},"excerpt":{"rendered":"D\u00e9veloppement sur mesureAltilogix vous propose de d\u00e9velopper avec vous une nouvelle application qui sera taill\u00e9e sur mesure pour r\u00e9pondre \u00e0 vos besoins. Nos sp\u00e9cialistes du Web pourront r\u00e9aliser une analyse d\u00e9taill\u00e9e de vos besoins puis vous proposer une solution Web disponible de partout, et qui fonctionne sur tout type d'appareil (ordinateur, tablette ou t\u00e9l\u00e9phone intelligent).[...]","protected":false},"author":1,"featured_media":0,"parent":0,"menu_order":4,"comment_status":"closed","ping_status":"closed","template":"","meta":{"footnotes":""},"class_list":["post-588","page","type-page","status-publish","hentry"],"_links":{"self":[{"href":"https:\/\/www.altilogix.com\/en\/wp-json\/wp\/v2\/pages\/588","targetHints":{"allow":["GET"]}}],"collection":[{"href":"https:\/\/www.altilogix.com\/en\/wp-json\/wp\/v2\/pages"}],"about":[{"href":"https:\/\/www.altilogix.com\/en\/wp-json\/wp\/v2\/types\/page"}],"author":[{"embeddable":true,"href":"https:\/\/www.altilogix.com\/en\/wp-json\/wp\/v2\/users\/1"}],"replies":[{"embeddable":true,"href":"https:\/\/www.altilogix.com\/en\/wp-json\/wp\/v2\/comments?post=588"}],"version-history":[{"count":6,"href":"https:\/\/www.altilogix.com\/en\/wp-json\/wp\/v2\/pages\/588\/revisions"}],"predecessor-version":[{"id":2021,"href":"https:\/\/www.altilogix.com\/en\/wp-json\/wp\/v2\/pages\/588\/revisions\/2021"}],"wp:attachment":[{"href":"https:\/\/www.altilogix.com\/en\/wp-json\/wp\/v2\/media?parent=588"}],"curies":[{"name":"wp","href":"https:\/\/api.w.org\/{rel}","templated":true}]}}