{"id":486,"date":"2016-08-16T06:52:01","date_gmt":"2016-08-16T06:52:01","guid":{"rendered":"http:\/\/kroth:8888\/?page_id=486"},"modified":"2024-11-26T00:55:39","modified_gmt":"2024-11-26T00:55:39","slug":"notre-entreprise","status":"publish","type":"page","link":"https:\/\/www.altilogix.com\/fr\/notre-entreprise\/","title":{"rendered":"Notre Entreprise"},"content":{"rendered":"\n<div class=\"wp-block-cover aligncenter\" style=\"min-height:278px;aspect-ratio:unset;\"><span aria-hidden=\"true\" class=\"wp-block-cover__background has-background-dim\"><\/span><img loading=\"lazy\" decoding=\"async\" width=\"1024\" height=\"678\" class=\"wp-block-cover__image-background wp-image-2226\" alt=\"\" src=\"https:\/\/www.altilogix.com\/wp-content\/uploads\/2024\/11\/pexels-goumbik-574069-1024x678.jpg\" data-object-fit=\"cover\" srcset=\"https:\/\/www.altilogix.com\/wp-content\/uploads\/2024\/11\/pexels-goumbik-574069-1024x678.jpg 1024w, https:\/\/www.altilogix.com\/wp-content\/uploads\/2024\/11\/pexels-goumbik-574069-300x199.jpg 300w, https:\/\/www.altilogix.com\/wp-content\/uploads\/2024\/11\/pexels-goumbik-574069-768x509.jpg 768w, https:\/\/www.altilogix.com\/wp-content\/uploads\/2024\/11\/pexels-goumbik-574069-1536x1017.jpg 1536w, https:\/\/www.altilogix.com\/wp-content\/uploads\/2024\/11\/pexels-goumbik-574069-2048x1356.jpg 2048w, https:\/\/www.altilogix.com\/wp-content\/uploads\/2024\/11\/pexels-goumbik-574069-18x12.jpg 18w\" sizes=\"auto, (max-width: 1024px) 100vw, 1024px\" \/><div class=\"wp-block-cover__inner-container is-layout-flow wp-block-cover-is-layout-flow\">\n<p class=\"has-text-align-center has-medium-font-size\"> <\/p>\n<\/div><\/div>\n\n\n<p>\n\n\n\n<\/p>\n<div class=\"vc_row wpb_row vc_row-fluid krth-dhav-dotted\"><div class=\"wpb_column vc_column_container text-left vc_col-sm-12\"><div class=\"vc_column-inner \"><div class=\"wpb_wrapper\">\n\t<div class=\"wpb_text_column wpb_content_element \" >\n\t\t<div class=\"wpb_wrapper\">\n\t\t\t<p>AltiLogix offre une expertise en strat\u00e9gie, int\u00e9gration, architecture, d\u00e9ploiement et solutions en Gestion de la Relation Client (GRC), mieux connu sous le vocable CRM (Customer Relationship Management), en Help Desk, Gestion de Parcs informatiques et Gestion de la Reprographie.<\/p>\n<p>Des conseillers aguerris vous appuient dans la s\u00e9lection et l\u2019implantation de vos outils CRM pour la Gestion des ventes, du Marketing et du Service \u00e0 la client\u00e8le. Notre personnel hautement qualifi\u00e9 poss\u00e8de des certifications de plusieurs manufacturiers de logiciel en CRM et compte en moyenne plus de 25 ans d&rsquo;exp\u00e9rience dans le domaine.<\/p>\n<p>En plus de notre expertise en strat\u00e9gie CRM, nous faisons la vente et l&rsquo;int\u00e9gration des solutions suivantes :<\/p>\n<ul>\n<li>INFOR CRM (SalesLogix),\u00a0le \u00ab Mid market leader\u00bb en CRM<\/li>\n<li>SageCRM et SageCRM.com pour une solution ASP compl\u00e8te et peu dispendieuse<\/li>\n<li>AboveCRM (un Help Desk compl\u00e8tement Web pour la gestion de Centre d&rsquo;Assistance Technique)<\/li>\n<li>Pytheas (Gestion de Parcs Informatiques ou \u00abAsset Management\u00bb)<\/li>\n<li>Repro+, une solution de gestion de la reprographie 100% Web.<\/li>\n<\/ul>\n<p>Par ailleurs, notre division du savoir\u2013faire technologique est enrichie d\u2019un personnel certifi\u00e9 pour donner la formation des principes ITIL (IT Infrastructure Library) et Intelligence d\u2019affaires (B.I.)<\/p>\n<p>Pour compl\u00e9ter notre gamme de produits, nous offrons aussi :<\/p>\n<ul>\n<li>la conception et la r\u00e9alisation de solutions taill\u00e9es selon vos besoins<\/li>\n<li>ainsi que des solutions de marquage antivol et de retra\u00e7age pour les \u00e9quipements informatiques et autres \u00e9quipements \u00e0 prot\u00e9ger contre le vol.<\/li>\n<\/ul>\n<p>En affaires, le choix d\u2019un partenaire rev\u00eat une importance capitale pour assurer le bon succ\u00e8s d\u2019un projet. Nous poss\u00e9dons une \u00e9loquente feuille de route \u00e0 cet \u00e9gard. \u00a0Non seulement nos clients \u00a0sont-ils satisfaits de leur implantation mais en plus, ils peuvent compter sur un partenaire exp\u00e9riment\u00e9 qui, en plus d\u2019agir \u00e0 titre de ma\u00eetre d\u2019\u0153uvre du projet, saura orienter son client quant aux diff\u00e9rentes facettes du projet CRM. \u00a0Le succ\u00e8s d\u2019un projet de Gestion de la Relation Client (CRM) d\u00e9pend aussi de la qualit\u00e9 du support technique que l\u2019on sera en mesure d\u2019offrir aux utilisateurs et ce, autant pendant qu\u2019apr\u00e8s l\u2019implantation du CRM.<\/p>\n<p>Plusieurs de nos clients en sont \u00e0 leur deuxi\u00e8me, troisi\u00e8me et m\u00eame quatri\u00e8me implantation d\u2019un CRM avec notre \u00e9quipe; n\u2019est-ce pas l\u00e0 l\u2019un des plus beaux gages de confiance qu\u2019on puisse nous t\u00e9moigner ?<\/p>\n<p>AltiLogix, votre agent de succ\u00e8s en CRM, Help Desk, Gestion de Parc informatique et Gestion de la Reprographie!<\/p>\n\n\t\t<\/div>\n\t<\/div>\n<\/div><\/div><\/div><\/div>","protected":false},"excerpt":{"rendered":"AltiLogix offre une expertise en strat\u00e9gie, int\u00e9gration, architecture, d\u00e9ploiement et solutions en Gestion de la Relation Client (GRC), mieux connu sous le vocable CRM (Customer Relationship Management), en Help Desk, Gestion de Parcs informatiques et Gestion de la Reprographie. Des conseillers aguerris vous appuient dans la s\u00e9lection et l\u2019implantation de vos outils CRM pour la[...]","protected":false},"author":1,"featured_media":0,"parent":0,"menu_order":5,"comment_status":"closed","ping_status":"closed","template":"","meta":{"footnotes":""},"class_list":["post-486","page","type-page","status-publish","hentry"],"_links":{"self":[{"href":"https:\/\/www.altilogix.com\/fr\/wp-json\/wp\/v2\/pages\/486","targetHints":{"allow":["GET"]}}],"collection":[{"href":"https:\/\/www.altilogix.com\/fr\/wp-json\/wp\/v2\/pages"}],"about":[{"href":"https:\/\/www.altilogix.com\/fr\/wp-json\/wp\/v2\/types\/page"}],"author":[{"embeddable":true,"href":"https:\/\/www.altilogix.com\/fr\/wp-json\/wp\/v2\/users\/1"}],"replies":[{"embeddable":true,"href":"https:\/\/www.altilogix.com\/fr\/wp-json\/wp\/v2\/comments?post=486"}],"version-history":[{"count":5,"href":"https:\/\/www.altilogix.com\/fr\/wp-json\/wp\/v2\/pages\/486\/revisions"}],"predecessor-version":[{"id":2231,"href":"https:\/\/www.altilogix.com\/fr\/wp-json\/wp\/v2\/pages\/486\/revisions\/2231"}],"wp:attachment":[{"href":"https:\/\/www.altilogix.com\/fr\/wp-json\/wp\/v2\/media?parent=486"}],"curies":[{"name":"wp","href":"https:\/\/api.w.org\/{rel}","templated":true}]}}